{"id":29,"date":"2026-05-06T22:16:41","date_gmt":"2026-05-06T22:16:41","guid":{"rendered":"https:\/\/vwh6289.133.vedos.website\/?page_id=29"},"modified":"2026-05-10T20:51:54","modified_gmt":"2026-05-10T20:51:54","slug":"vseobecne-podminky","status":"publish","type":"page","link":"https:\/\/dobrodruzinapraha.cz\/?page_id=29","title":{"rendered":""},"content":{"rendered":"\n<div class=\"wp-block-uagb-container uagb-block-9f70eb9d alignfull uagb-is-root-container\"><div class=\"uagb-container-inner-blocks-wrap\">\n<div class=\"wp-block-stackable-text stk-block-text stk-block stk-aa92e1d\" data-block-id=\"aa92e1d\"><p class=\"stk-block-text__text\"><strong>V\u0161eobecn\u00e9 podm\u00ednky se vztahuj\u00ed k p\u0159ihl\u00e1\u0161ce d\u00edt\u011bte na p\u0159\u00edm\u011bstsk\u00fd t\u00e1bor<\/strong> DobroDru\u017eina Praha <\/p><\/div>\n\n\n\n<ol class=\"wp-block-list\">\n<li>P\u0159ihl\u00e1\u0161kou se rodi\u010d (rodi\u010de) nebo z\u00e1konn\u00ed z\u00e1stupci d\u00edt\u011bte zavazuj\u00ed k&nbsp;povinnostem, kter\u00e9 pro n\u011b plynou z&nbsp;t\u011bchto v\u0161eobecn\u00fdch podm\u00ednek. P\u0159edm\u011btem smlouvy mezi provozovatelem p\u0159\u00edm\u011bstsk\u00e9ho t\u00e1bora DobroDru\u017eina Praha a objednavatelem (z\u00e1konn\u00fdm z\u00e1stupcem) je \u00fa\u010dast d\u00edt\u011bte na p\u0159\u00edm\u011bstsk\u00e9m t\u00e1bo\u0159e.<br>Objednavatel \u2013 z\u00e1konn\u00fd z\u00e1stupce d\u00edt\u011bte (d\u00e1le jen z\u00e1konn\u00fd z\u00e1stupce)<br>Provozovatel \u2013DobroDru\u017eina Praha (d\u00e1le jen provozovatel)<\/li>\n\n\n\n<li>\u00da\u010dastn\u00edkem p\u0159\u00edm\u011bstsk\u00e9ho t\u00e1bora se rozum\u00ed osoba, jej\u00ed\u017e pobyt je podlo\u017een \u0159\u00e1dn\u011b vypln\u011bnou p\u0159ihl\u00e1\u0161kou na p\u0159\u00edm\u011bstsk\u00fd t\u00e1bor a jeho\u017e cena byla uhrazena v&nbsp;souladu s&nbsp;pokyny provozovatele. Osoby mlad\u0161\u00ed 18 let jsou ve smluvn\u00edm vztahu zastoupeny osobou star\u0161\u00ed 18 let (z\u00e1konn\u00fd z\u00e1stupce d\u00edt\u011bte). Z\u00e1konn\u00fd z\u00e1stupce p\u0159eb\u00edr\u00e1 plnou odpov\u011bdnost za napln\u011bn\u00ed dojednan\u00fdch smluvn\u00edch podm\u00ednek. Smluvn\u00ed vztah mezi z\u00e1konn\u00fdm z\u00e1stupcem a provozovatelem vznik\u00e1 a nab\u00fdv\u00e1 \u00fa\u010dinnosti okam\u017eikem registrace a uhrazen\u00edm \u00faplaty z\u00e1konn\u00e9ho z\u00e1stupce na p\u0159ihl\u00e1\u0161ce na p\u0159\u00edm\u011bstsk\u00fd t\u00e1bor.<\/li>\n\n\n\n<li>\u00da\u010dastn\u00edk p\u0159\u00edm\u011bstsk\u00e9ho t\u00e1bora je povinen dodr\u017eovat pobytov\u00fd \u0159\u00e1d, re\u017eim dne a pokyny instruktor\u016f t\u00e1bora. P\u0159edev\u0161\u00edm pak pokyny t\u00fdkaj\u00edc\u00ed se bezpe\u010dnosti a zdrav\u00ed \u00fa\u010dastn\u00edk\u016f t\u00e1bora. \u00da\u010dastn\u00edk je povinen zdr\u017eet se chov\u00e1n\u00ed, kter\u00e9 m\u016f\u017ee po\u0161kozovat ostatn\u00ed \u00fa\u010dastn\u00edky p\u0159\u00edm\u011bstsk\u00e9ho t\u00e1bora. V&nbsp;p\u0159\u00edpad\u011b nezvl\u00e1dnut\u00fdch k\u00e1ze\u0148sk\u00fdch probl\u00e9m\u016f s&nbsp;\u00fa\u010dastn\u00edkem se po\u0159adatel vyhrazuje pr\u00e1vo vylou\u010dit jej a uplatnit p\u0159\u00edslu\u0161n\u00fd storno poplatek. \u00da\u010dastn\u00edk p\u0159\u00edm\u011bstsk\u00e9ho t\u00e1bora je povinen \u0161et\u0159it majetek v&nbsp;m\u00edst\u011b pobytu.<\/li>\n\n\n\n<li>Z\u00e1konn\u00fd z\u00e1stupce je povinen p\u0159ed n\u00e1stupem na p\u0159\u00edm\u011bstsk\u00fd t\u00e1bor sezn\u00e1mit d\u00edt\u011b p\u0159im\u011b\u0159en\u00fdm zp\u016fsobem s&nbsp;dan\u00fdm \u0159\u00e1dem a to zejm\u00e9na s&nbsp;n\u00e1sleduj\u00edc\u00edmi body:<\/li>\n<\/ol>\n\n\n\n<ul class=\"wp-block-list\">\n<li><strong>Pohyb d\u011bt\u00ed \u2013&nbsp;<\/strong>D\u011bti nesm\u00ed opustit bez souhlasu vedouc\u00edch instruktor\u016f objekt \u010di prostory. P\u0159i ve\u0161ker\u00fdch pohybov\u00fdch aktivit\u00e1ch je d\u00edt\u011b povinno db\u00e1t pokyn\u016f vedouc\u00edch, nevzdalovat se od skupiny. Dle pokyn\u016f vedouc\u00edch d\u011bti nesm\u00ed chodit bez souhlasu na ur\u010dit\u00e1 m\u00edsta.<\/li>\n\n\n\n<li><strong>Pokyny vedouc\u00edch \u2013<\/strong>&nbsp;D\u011bti mus\u00ed respektovat pokyny vedouc\u00edch.<\/li>\n\n\n\n<li><strong>Zdrav\u00ed d\u00edt\u011bte \u2013<\/strong>&nbsp;V&nbsp;p\u0159\u00edpad\u011b zdravotn\u00edch probl\u00e9m\u016f mus\u00ed d\u00edt\u011b tyto probl\u00e9my neprodlen\u011b nahl\u00e1sit vedouc\u00edmu. Je zak\u00e1z\u00e1no u\u017e\u00edvat l\u00e9k\u016f bez souhlasu vedouc\u00edho (i vlastn\u00ed l\u00e9ky vitam\u00edny), vlastn\u00ed l\u00e9ky je nutn\u00e9 ozn\u00e1mit hlavn\u00edmu vedouc\u00edmu \u010di zdravotn\u00edkovi.<\/li>\n\n\n\n<li><strong>Alkohol, drogy, kou\u0159en\u00ed \u2013<\/strong>&nbsp;D\u011bti mus\u00ed dodr\u017eovat p\u0159\u00edsn\u00fd z\u00e1kaz kou\u0159en\u00ed, u\u017e\u00edv\u00e1n\u00ed alkoholu, drog a omamn\u00fdch l\u00e1tek.<\/li>\n\n\n\n<li><strong>Z\u00e1klady slu\u0161n\u00e9ho chov\u00e1n\u00ed \u2013<\/strong>&nbsp;D\u011bti by m\u011bly u\u017e\u00edvat z\u00e1sady slu\u0161n\u00e9ho chov\u00e1n\u00ed (pozdraven\u00ed, prosba, pod\u011bkov\u00e1n\u00ed) a neu\u017e\u00edvat sprost\u00e1 slova.<\/li>\n\n\n\n<li><strong>\u0160ikana, n\u00e1sil\u00ed \u2013<\/strong>&nbsp;V&nbsp;p\u0159\u00edpad\u011b n\u00e1sil\u00ed nebo \u0161ikany je pot\u0159eba ihned upozornit jakoukoli dosp\u011blou osobu (vedouc\u00ed).<\/li>\n<\/ul>\n\n\n\n<ol start=\"5\" class=\"wp-block-list\">\n<li>Veden\u00ed p\u0159\u00edm\u011bstsk\u00e9ho t\u00e1boru zodpov\u00edd\u00e1 za d\u011bti po dobu trv\u00e1n\u00ed programu.<\/li>\n\n\n\n<li>Veden\u00ed upozor\u0148uje, aby \u00fa\u010dastn\u00edk p\u0159\u00edm\u011bstsk\u00e9ho t\u00e1bora nenosil s&nbsp;sebou drahou elektroniku, fotoapar\u00e1t, p\u0159\u00edpadn\u011b jin\u00e9 cennosti (\u0161perky, hodinky). Z&nbsp;d\u016fvodu charakteru akc\u00ed nem\u016f\u017ee zodpov\u00eddat za p\u0159\u00edpadn\u00e9 ztr\u00e1ty. Pokud \u00fa\u010dastn\u00edk t\u00e9to v\u00fdzvy p\u0159esto neuposlechne, DobroDru\u017eina Praha neodpov\u00edd\u00e1 za ztr\u00e1tu v\u011bc\u00ed d\u00edt\u011bte.<\/li>\n\n\n\n<li>Podm\u00ednkou p\u0159ijet\u00ed z\u00e1jemce je z\u00e1vazn\u00e1 p\u0159ihl\u00e1\u0161ka na webu www.dobrodruzinapraha.cz a zaplacen\u00ed p\u0159\u00edm\u011bstsk\u00e9ho t\u00e1bora do 14. dn\u016f od p\u0159ihl\u00e1\u0161en\u00ed, po p\u0159edchoz\u00ed vz\u00e1jemn\u00e9 domluv\u011b s veden\u00edm DobroDru\u017eina Praha v\u0161ak nejpozd\u011bji do 20.6.2026.<\/li>\n\n\n\n<li>P\u0159ed n\u00e1stupem d\u00edt\u011bte na p\u0159\u00edm\u011bstsk\u00fd t\u00e1bor je nutn\u00e9 odevzdat vedouc\u00edmu potvrzen\u00ed o bezinfek\u010dnosti. D\u00e1le upozorn\u011bn\u00ed o ve\u0161ker\u00fdch zdravotn\u00edch probl\u00e9mech, kter\u00e9 mohou jakkoliv br\u00e1nit d\u00edt\u011bti vykon\u00e1vat pohybov\u00e9 aktivity, pop\u0159\u00edpad\u011b sezn\u00e1mit vedouc\u00ed s ve\u0161ker\u00fdmi zdravotn\u00edmi omezen\u00edmi. Doporu\u010duje se \u00farazov\u00e9 poji\u0161t\u011bn\u00ed d\u00edt\u011bte.<\/li>\n\n\n\n<li>Na t\u00e1bor mus\u00ed b\u00fdt d\u00edt\u011b p\u0159ivedeno z\u00e1konn\u00fdm z\u00e1stupcem, pop\u0159\u00edpad\u011b jin\u00fdm doprovodem minim\u00e1ln\u011b prvn\u00ed den za\u010d\u00e1tku dan\u00e9ho turnusu. V n\u00e1sleduj\u00edc\u00edch dnech d\u00edt\u011b m\u016f\u017ee doch\u00e1zet na  t\u00e1bor samo, pouze na z\u00e1klad\u011b dolo\u017een\u00ed dokumentu, ve kter\u00e9m bude uvedeno, \u017ee d\u00edt\u011b m\u016f\u017ee na t\u00e1bor p\u0159ich\u00e1zet samo. Do doby p\u0159evzet\u00ed d\u00edt\u011bte vedouc\u00ed za n\u011bj DobroDru\u017eina Praha nep\u0159eb\u00edr\u00e1 zodpov\u011bdnost.<\/li>\n\n\n\n<li>Ka\u017ed\u00fd den po ukon\u010den\u00ed p\u0159\u00edm\u011bstsk\u00e9ho t\u00e1bora si d\u00edt\u011b vyzvedne z\u00e1konn\u00fd z\u00e1stupce, pop\u0159\u00edpad\u011b jin\u00fd doprovod uveden\u00fd v p\u0159ihl\u00e1\u0161ce. Pokud by d\u00edt\u011b m\u011blo odch\u00e1zet po ukon\u010den\u00ed bez doprovodu, je nutn\u00e9 r\u00e1no p\u0159i p\u0159ed\u00e1n\u00ed d\u00edt\u011b vedouc\u00edmu sou\u010dasn\u011b p\u0159edat dokument, ve kter\u00e9m bude uvedeno, \u017ee d\u00edt\u011b m\u016f\u017ee po ukon\u010den\u00ed odch\u00e1zet samo, a \u017ee je za n\u011bj p\u0159eb\u00edr\u00e1na zodpov\u011bdnost.<\/li>\n\n\n\n<li>Cenov\u00e9 podm\u00ednky a zp\u016fsob \u00fahrady: DobroDru\u017eina Praha m\u00e1 pr\u00e1vo na zaplacen\u00ed ceny p\u0159\u00edm\u011bstsk\u00e9ho t\u00e1bora k datu uveden\u00e9ho na pokynech. Nezaplacen\u00ed ve stanoven\u00e9m term\u00ednu a podle instrukc\u00ed porovozovatele lze posuzovat jako nedodr\u017een\u00ed smluvn\u00edch podm\u00ednek a DobroDru\u017eina Praha m\u016f\u017ee jednostrann\u011b odstoupit od smlouvy. Na odstoupen\u00ed od smlouvy se vztahuj\u00ed ustanoven\u00ed v\u0161eobecn\u00fdch pokyn\u016f o storno poplatc\u00edch. Z\u00e1jemce bude nahrazen n\u00e1hradn\u00edm z\u00e1jemcem.<\/li>\n<\/ol>\n\n\n\n<ol start=\"12\" class=\"wp-block-list\">\n<li>Z\u00e1konn\u00fd z\u00e1stupce m\u00e1 pr\u00e1vo kdykoliv p\u0159ed za\u010d\u00e1tkem p\u0159\u00edm\u011bstsk\u00e9ho t\u00e1bora od z\u00e1vazn\u00e9 p\u0159ihl\u00e1\u0161ky odstoupit. Zru\u0161en\u00ed pobytu se prov\u00e1d\u00ed telefonicky nebo osobn\u011b a je stornov\u00e1n ke dni, kdy k&nbsp;nahl\u00e1\u0161en\u00ed do\u0161lo. P\u0159i zru\u0161en\u00ed p\u0159ihl\u00e1\u0161ky, p\u0159i nenastoupen\u00ed na t\u00e1bor, nebo v&nbsp;p\u0159\u00edpad\u011b p\u0159ed\u010dasn\u00e9ho ukon\u010den\u00ed pobytu je postupov\u00e1no dle storno podm\u00ednek uveden\u00fdch v&nbsp;bodu 12 t\u011bchto smluvn\u00edch podm\u00ednek.<\/li>\n\n\n\n<li>V\u00fd\u0161e stornovac\u00edho poplatku:<\/li>\n<\/ol>\n\n\n\n<ul class=\"wp-block-list\">\n<li>Storno v\u00edce ne\u017e 14 dn\u00ed p\u0159ed za\u010d\u00e1tkem t\u00e1bora: 0 %<\/li>\n\n\n\n<li>13 &#8211; 7 dn\u00ed p\u0159ed za\u010d\u00e1tkem t\u00e1bora: 50 % z ceny<\/li>\n\n\n\n<li>M\u00e9n\u011b ne\u017e 7 dn\u00ed p\u0159ed za\u010d\u00e1tkem t\u00e1bora: 100 % z ceny<\/li>\n<\/ul>\n\n\n\n<p>14. Po\u0159adatel m\u016f\u017ee individu\u00e1ln\u011b umo\u017enit n\u00e1hradn\u00edka.<br><br>15. Doporu\u010dujeme sjednat u poji\u0161\u0165ovny poji\u0161t\u011bn\u00ed storna t\u00e1bora.<\/p>\n\n\n\n<p>16.DobroDru\u017eina Praha m\u00e1 pr\u00e1vo ode\u010d\u00edst stornovac\u00ed poplatek od slo\u017een\u00ed z\u00e1lohy \u010di zaplacen\u00ed ceny p\u0159\u00edm\u011bstsk\u00e9ho t\u00e1bora. Pokud nebyla z\u00e1loha \u010di cena uhrazena, zavazuje se z\u00e1konn\u00fd z\u00e1stupce uhradit storno poplatek na z\u00e1klad\u011b v\u00fdzvy nejpozd\u011bji do 14 dn\u016f.<\/p>\n\n\n\n<p>17. DobroDru\u017eina Praha m\u00e1 pr\u00e1vo nav\u00fd\u0161it cenu t\u00e1bora v souvislosti s nenad\u00e1l\u00fdm n\u00e1r\u016fstem cen od na\u0161ich dodavatel\u016f. Tato \u010d\u00e1stka bude p\u0159\u00edpadn\u011b dodate\u010dn\u011b vyfakturov\u00e1na.<\/p>\n\n\n\n<p>18. V p\u0159\u00edpad\u011b nedostate\u010dn\u00e9ho po\u010dtu d\u011bt\u00ed k datu 20.6.2026 nebo z d\u016fvodu vy\u0161\u0161\u00ed moci (nap\u0159. epidemie, extr\u00e9mn\u00ed po\u010das\u00ed) m\u00e1 DobroDru\u017eina Praha mo\u017enost zru\u0161it kon\u00e1n\u00ed p\u0159\u00edm\u011bstsk\u00e9ho t\u00e1bora s povinnost\u00ed vr\u00e1cen\u00ed pln\u00e9 \u010d\u00e1stky t\u011bm, kte\u0159\u00ed se p\u0159ihl\u00e1sili a cenu 4590,- uhradili. Pen\u00edze budou vr\u00e1ceny p\u0159evodem na bankovn\u00ed \u00fa\u010det nejpozd\u011bji do 14 dn\u016f.<\/p>\n\n\n\n<p>19. Z\u00e1konn\u00fd z\u00e1stupce m\u016f\u017ee p\u00edsemn\u011b po\u017e\u00e1dat o zm\u011bnu faktura\u010dn\u00edch \u00fadaj\u016f za \u00fa\u010delem \u010derp\u00e1n\u00ed zam\u011bstnaneck\u00fdch benefit\u016f. Po \u00fahrad\u011b p\u0159ihl\u00e1\u0161ky je \u00faprava faktury za t\u00edmto \u00fa\u010delem a n\u00e1sledn\u00e9 vr\u00e1cen\u00ed p\u016fvodn\u00ed \u00fahrady mo\u017en\u00e9 s manipula\u010dn\u00edm poplatkem 250 K\u010d.<\/p>\n\n\n\n<p>20. Z\u00e1konn\u00fd z\u00e1stupce svou registrac\u00ed a zaplacen\u00edm \u00fahrady t\u00e1bora a p\u0159ijet\u00edm v\u0161eobecn\u00fdch podm\u00ednek stvrzuje, \u017ee se sezn\u00e1mil se\u00a0v\u0161eobecn\u00fdmi podm\u00ednkami a souhlas\u00ed s\u00a0nimi, pou\u010d\u00ed sv\u00e9 d\u00edt\u011b p\u0159im\u011b\u0159en\u011b k\u00a0jeho v\u011bku o nutnosti tyto v\u0161eobecn\u00e9 podm\u00ednky respektovat, pou\u010d\u00ed d\u00edt\u011b o n\u00e1sledc\u00edch pro p\u0159\u00edpad poru\u0161en\u00ed t\u011bchto podm\u00ednek.<\/p>\n<\/div><\/div>\n\n\n\n<p><\/p>\n","protected":false},"excerpt":{"rendered":"<p>V\u0161eobecn\u00e9 podm\u00ednky se vztahuj\u00ed k p\u0159ihl\u00e1\u0161ce d\u00edt\u011bte na p\u0159\u00edm\u011bstsk\u00fd t\u00e1bor DobroDru\u017eina Praha 14. Po\u0159adatel m\u016f\u017ee individu\u00e1ln\u011b umo\u017enit n\u00e1hradn\u00edka. 15. Doporu\u010dujeme sjednat u poji\u0161\u0165ovny poji\u0161t\u011bn\u00ed storna t\u00e1bora. 16.DobroDru\u017eina Praha m\u00e1 pr\u00e1vo ode\u010d\u00edst stornovac\u00ed poplatek od slo\u017een\u00ed z\u00e1lohy \u010di zaplacen\u00ed ceny p\u0159\u00edm\u011bstsk\u00e9ho t\u00e1bora. Pokud nebyla z\u00e1loha \u010di cena uhrazena, zavazuje se z\u00e1konn\u00fd z\u00e1stupce uhradit storno poplatek na [&hellip;]<\/p>\n","protected":false},"author":1,"featured_media":0,"parent":0,"menu_order":0,"comment_status":"closed","ping_status":"closed","template":"","meta":{"_uag_custom_page_level_css":"","footnotes":""},"class_list":["post-29","page","type-page","status-publish","hentry"],"uagb_featured_image_src":{"full":false,"thumbnail":false,"medium":false,"medium_large":false,"large":false,"1536x1536":false,"2048x2048":false},"uagb_author_info":{"display_name":"klassigova","author_link":"https:\/\/dobrodruzinapraha.cz\/?author=1"},"uagb_comment_info":0,"uagb_excerpt":"V\u0161eobecn\u00e9 podm\u00ednky se vztahuj\u00ed k p\u0159ihl\u00e1\u0161ce d\u00edt\u011bte na p\u0159\u00edm\u011bstsk\u00fd t\u00e1bor DobroDru\u017eina Praha 14. Po\u0159adatel m\u016f\u017ee individu\u00e1ln\u011b umo\u017enit n\u00e1hradn\u00edka. 15. Doporu\u010dujeme sjednat u poji\u0161\u0165ovny poji\u0161t\u011bn\u00ed storna t\u00e1bora. 16.DobroDru\u017eina Praha m\u00e1 pr\u00e1vo ode\u010d\u00edst stornovac\u00ed poplatek od slo\u017een\u00ed z\u00e1lohy \u010di zaplacen\u00ed ceny p\u0159\u00edm\u011bstsk\u00e9ho t\u00e1bora. Pokud nebyla z\u00e1loha \u010di cena uhrazena, zavazuje se z\u00e1konn\u00fd z\u00e1stupce uhradit storno poplatek na&hellip;","_links":{"self":[{"href":"https:\/\/dobrodruzinapraha.cz\/index.php?rest_route=\/wp\/v2\/pages\/29","targetHints":{"allow":["GET"]}}],"collection":[{"href":"https:\/\/dobrodruzinapraha.cz\/index.php?rest_route=\/wp\/v2\/pages"}],"about":[{"href":"https:\/\/dobrodruzinapraha.cz\/index.php?rest_route=\/wp\/v2\/types\/page"}],"author":[{"embeddable":true,"href":"https:\/\/dobrodruzinapraha.cz\/index.php?rest_route=\/wp\/v2\/users\/1"}],"replies":[{"embeddable":true,"href":"https:\/\/dobrodruzinapraha.cz\/index.php?rest_route=%2Fwp%2Fv2%2Fcomments&post=29"}],"version-history":[{"count":8,"href":"https:\/\/dobrodruzinapraha.cz\/index.php?rest_route=\/wp\/v2\/pages\/29\/revisions"}],"predecessor-version":[{"id":155,"href":"https:\/\/dobrodruzinapraha.cz\/index.php?rest_route=\/wp\/v2\/pages\/29\/revisions\/155"}],"wp:attachment":[{"href":"https:\/\/dobrodruzinapraha.cz\/index.php?rest_route=%2Fwp%2Fv2%2Fmedia&parent=29"}],"curies":[{"name":"wp","href":"https:\/\/api.w.org\/{rel}","templated":true}]}}