{"id":20,"date":"2026-05-10T19:48:02","date_gmt":"2026-05-10T19:48:02","guid":{"rendered":"https:\/\/vwh6289.133.vedos.website\/?page_id=20"},"modified":"2026-05-10T20:19:04","modified_gmt":"2026-05-10T20:19:04","slug":"dokumenty","status":"publish","type":"page","link":"https:\/\/dobrodruzinapraha.cz\/?page_id=20","title":{"rendered":""},"content":{"rendered":"\n<div class=\"wp-block-stackable-columns alignfull stk-block-columns stk-block stk-64fe829 stk-block-background stk--has-background-overlay\" data-block-id=\"64fe829\"><style>.stk-64fe829 {background-image:url(https:\/\/dobrodruzinapraha.cz\/wp-content\/uploads\/2026\/05\/IMG_1020-scaled.jpeg) !important;min-height:400px !important;align-items:center !important;padding-top:var(--stk--preset--spacing--70, clamp(50px, 7vw, 90px)) !important;padding-right:var(--stk--preset--spacing--70, clamp(50px, 7vw, 90px)) !important;padding-bottom:var(--stk--preset--spacing--70, clamp(50px, 7vw, 90px)) !important;padding-left:var(--stk--preset--spacing--70, clamp(50px, 7vw, 90px)) !important;margin-bottom:0px !important;display:flex !important;}.stk-64fe829:before{background-color:#000000 !important;opacity:0.6 !important;}<\/style><div class=\"stk-row stk-inner-blocks stk-block-content stk-content-align stk-64fe829-column alignwide\">\n<div class=\"wp-block-stackable-column stk-block-column stk-column stk-block stk-8615108\" data-v=\"4\" data-block-id=\"8615108\"><div class=\"stk-column-wrapper stk-block-column__content stk-container stk-8615108-container stk--no-background stk--no-padding\"><div class=\"stk-block-content stk-inner-blocks stk-8615108-inner-blocks\">\n<div class=\"wp-block-stackable-heading stk-block-heading stk-block-heading--v2 stk-block stk-00c0620\" id=\"heading-placeholder\" data-block-id=\"00c0620\"><style>.stk-00c0620 .stk-block-heading__text{color:#ffffff !important;}<\/style><h2 class=\"stk-block-heading__text has-text-color\">Pot\u0159ebn\u00e9 dokumenty<\/h2><\/div>\n\n\n\n<div class=\"wp-block-stackable-text stk-block-text stk-block stk-7c1e27a\" data-block-id=\"7c1e27a\"><style>.stk-7c1e27a .stk-block-text__text{color:#ffffff !important;}<\/style><p class=\"stk-block-text__text has-text-color\">Pro to, abychom mohli s va\u0161\u00edm d\u00edtkem po\u010d\u00edtat jako s \u00fa\u010dastn\u00edkem na\u0161eho p\u0159\u00edm\u011bstsk\u00e9ho t\u00e1bora, je pot\u0159eba vyplnit n\u00e1sleduj\u00edc\u00ed dokumenty. <\/p><\/div>\n<\/div><\/div><\/div>\n<\/div><\/div>\n\n\n\n<div class=\"wp-block-stackable-columns alignfull stk-block-columns stk-block stk-763009c\" data-block-id=\"763009c\"><style>.stk-763009c {margin-top:var(--stk--preset--spacing--70, clamp(50px, 7vw, 90px)) !important;margin-bottom:nullpx !important;}.stk-763009c-column{max-width:1500px !important;min-width:auto !important;}<\/style><div class=\"stk-row stk-inner-blocks stk-block-content stk-content-align stk-763009c-column alignwide\">\n<div class=\"wp-block-stackable-column stk-block-column stk-column stk-block stk-01720ec\" data-v=\"4\" data-block-id=\"01720ec\"><style>.stk-01720ec {align-self:center !important;}<\/style><div class=\"stk-column-wrapper stk-block-column__content stk-container stk-01720ec-container stk--no-background stk--no-padding\"><div class=\"stk-block-content stk-inner-blocks stk-01720ec-inner-blocks\">\n<div class=\"wp-block-stackable-heading stk-block-heading stk-block-heading--v2 stk-block stk-cb6b80a\" id=\"heading-placeholder\" data-block-id=\"cb6b80a\"><h2 class=\"stk-block-heading__text\">P\u0159ihl\u00e1\u0161ka<\/h2><\/div>\n\n\n\n<div class=\"wp-block-stackable-text stk-block-text stk-block stk-316cafa\" data-block-id=\"316cafa\"><p class=\"stk-block-text__text\">P\u0159ihl\u00e1\u0161ku je pot\u0159eba vyplnit a odeslat na email <strong>dobrodruzinapraha@seznam.cz<\/strong> do 20.6.2026<\/p><\/div>\n\n\n\n<div class=\"wp-block-stackable-button-group stk-block-button-group stk-block stk-09e2621\" data-block-id=\"09e2621\"><div class=\"stk-row stk-inner-blocks stk-block-content stk-button-group\">\n<div class=\"wp-block-stackable-button stk-block-button stk-block stk-378450a\" data-block-id=\"378450a\"><a class=\"stk-link stk-button stk--hover-effect-darken\" href=\"https:\/\/dobrodruzinapraha.cz\/wp-content\/uploads\/2026\/05\/PrihlaskaDobrodruzina.pdf\" target=\"_blank\" rel=\"noreferrer noopener\"><span class=\"stk-button__inner-text\">St\u00e1hnout<\/span><\/a><\/div>\n<\/div><\/div>\n<\/div><\/div><\/div>\n\n\n\n<div class=\"wp-block-stackable-column stk-block-column stk-column stk-block stk-0b523f4\" data-v=\"4\" data-block-id=\"0b523f4\"><div class=\"stk-column-wrapper stk-block-column__content stk-container stk-0b523f4-container stk--no-background stk--no-padding\"><div class=\"stk-block-content stk-inner-blocks stk-0b523f4-inner-blocks\">\n<div class=\"wp-block-stackable-image stk-block-image stk-block stk-215577e\" data-block-id=\"215577e\"><style>.stk-215577e .stk-img-wrapper{width:88% !important;height:300px !important;}<\/style><figure><span class=\"stk-img-wrapper stk-image--shape-stretch\"><img loading=\"lazy\" decoding=\"async\" class=\"stk-img wp-image-51\" src=\"https:\/\/vwh6289.133.vedos.website\/wp-content\/uploads\/2026\/05\/IMG_6335.png\" width=\"1600\" height=\"670\" srcset=\"https:\/\/dobrodruzinapraha.cz\/wp-content\/uploads\/2026\/05\/IMG_6335.png 1600w, https:\/\/dobrodruzinapraha.cz\/wp-content\/uploads\/2026\/05\/IMG_6335-300x126.png 300w, https:\/\/dobrodruzinapraha.cz\/wp-content\/uploads\/2026\/05\/IMG_6335-1024x429.png 1024w, https:\/\/dobrodruzinapraha.cz\/wp-content\/uploads\/2026\/05\/IMG_6335-768x322.png 768w, https:\/\/dobrodruzinapraha.cz\/wp-content\/uploads\/2026\/05\/IMG_6335-1536x643.png 1536w\" sizes=\"auto, (max-width: 1600px) 100vw, 1600px\" \/><\/span><\/figure><\/div>\n<\/div><\/div><\/div>\n<\/div><\/div>\n\n\n\n<div class=\"wp-block-stackable-columns alignfull stk-block-columns stk-block stk-496a89a\" data-block-id=\"496a89a\"><style>.stk-496a89a {margin-top:var(--stk--preset--spacing--70, clamp(50px, 7vw, 90px)) !important;margin-bottom:var(--stk--preset--spacing--70, clamp(50px, 7vw, 90px)) !important;}.stk-496a89a-column{max-width:1500px !important;min-width:auto !important;}<\/style><div class=\"stk-row stk-inner-blocks stk-block-content stk-content-align stk-496a89a-column alignwide\">\n<div class=\"wp-block-stackable-column stk-block-column stk-column stk-block stk-dd8bb4d\" data-v=\"4\" data-block-id=\"dd8bb4d\"><div class=\"stk-column-wrapper stk-block-column__content stk-container stk-dd8bb4d-container stk--no-background stk--no-padding\"><div class=\"stk-block-content stk-inner-blocks stk-dd8bb4d-inner-blocks\">\n<div class=\"wp-block-stackable-columns stk-block-columns stk-block stk-153e409\" data-block-id=\"153e409\"><style>.stk-153e409 {margin-bottom:40px !important;}.stk-153e409-column{--stk-column-gap:var(--stk--preset--spacing--40, 30px) !important;}<\/style><div class=\"stk-row stk-inner-blocks stk-block-content stk-content-align stk-153e409-column\">\n<div class=\"wp-block-stackable-column stk-block-column stk-column stk-block stk-9b41074\" data-v=\"4\" data-block-id=\"9b41074\"><div class=\"stk-column-wrapper stk-block-column__content stk-container stk-9b41074-container stk--no-background stk--no-padding\"><div class=\"stk-block-content stk-inner-blocks stk-9b41074-inner-blocks\">\n<div class=\"wp-block-stackable-image stk-block-image stk-block stk-f474fc5\" data-block-id=\"f474fc5\"><style>.stk-f474fc5 .stk-img-wrapper{width:91% !important;height:300px !important;}<\/style><figure><span class=\"stk-img-wrapper stk-image--shape-stretch\"><img loading=\"lazy\" decoding=\"async\" class=\"stk-img wp-image-54\" src=\"https:\/\/vwh6289.133.vedos.website\/wp-content\/uploads\/2026\/05\/IMG_6336.png\" width=\"1600\" height=\"670\" srcset=\"https:\/\/dobrodruzinapraha.cz\/wp-content\/uploads\/2026\/05\/IMG_6336.png 1600w, https:\/\/dobrodruzinapraha.cz\/wp-content\/uploads\/2026\/05\/IMG_6336-300x126.png 300w, https:\/\/dobrodruzinapraha.cz\/wp-content\/uploads\/2026\/05\/IMG_6336-1024x429.png 1024w, https:\/\/dobrodruzinapraha.cz\/wp-content\/uploads\/2026\/05\/IMG_6336-768x322.png 768w, https:\/\/dobrodruzinapraha.cz\/wp-content\/uploads\/2026\/05\/IMG_6336-1536x643.png 1536w\" sizes=\"auto, (max-width: 1600px) 100vw, 1600px\" \/><\/span><\/figure><\/div>\n<\/div><\/div><\/div>\n\n\n\n<div class=\"wp-block-stackable-column stk-block-column stk-column stk-block stk-e617324\" data-v=\"4\" data-block-id=\"e617324\"><style>.stk-e617324 {align-self:center !important;}<\/style><div class=\"stk-column-wrapper stk-block-column__content stk-container stk-e617324-container stk--no-background stk--no-padding\"><div class=\"stk-block-content stk-inner-blocks stk-e617324-inner-blocks\">\n<p class=\"is-style-text-subtitle is-style-text-subtitle--1\"><strong>Bezinfek\u010dnost<\/strong><\/p>\n\n\n\n<div class=\"wp-block-stackable-text stk-block-text stk-block stk-c813456\" data-block-id=\"c813456\"><p class=\"stk-block-text__text\">Vypln\u011bnou bezinfek\u010dnost s sebou doneste prvn\u00ed den t\u00e1bora.<\/p><\/div>\n\n\n\n<div class=\"wp-block-stackable-button-group stk-block-button-group stk-block stk-6401012\" data-block-id=\"6401012\"><div class=\"stk-row stk-inner-blocks stk-block-content stk-button-group\">\n<div class=\"wp-block-stackable-button stk-block-button stk-block stk-8f6bf25\" data-block-id=\"8f6bf25\"><a class=\"stk-link stk-button stk--hover-effect-darken\" href=\"https:\/\/dobrodruzinapraha.cz\/wp-content\/uploads\/2026\/05\/Bezinfekcnost.pdf\" target=\"_blank\" rel=\"noreferrer noopener\"><span class=\"stk-button__inner-text\">St\u00e1hnout<\/span><\/a><\/div>\n<\/div><\/div>\n<\/div><\/div><\/div>\n<\/div><\/div>\n<\/div><\/div><\/div>\n<\/div><\/div>\n\n\n\n<div class=\"wp-block-stackable-columns alignfull stk-block-columns stk-block stk-3bfef00\" data-block-id=\"3bfef00\"><style>.stk-3bfef00 {margin-top:var(--stk--preset--spacing--70, clamp(50px, 7vw, 90px)) !important;margin-bottom:var(--stk--preset--spacing--70, clamp(50px, 7vw, 90px)) !important;}.stk-3bfef00-column{max-width:1500px !important;min-width:auto !important;}<\/style><div class=\"stk-row stk-inner-blocks stk-block-content stk-content-align stk-3bfef00-column alignwide\">\n<div class=\"wp-block-stackable-column stk-block-column stk-column stk-block stk-415baef\" data-v=\"4\" data-block-id=\"415baef\"><div class=\"stk-column-wrapper stk-block-column__content stk-container stk-415baef-container stk--no-background stk--no-padding\"><div class=\"stk-block-content stk-inner-blocks stk-415baef-inner-blocks\">\n<div class=\"wp-block-stackable-columns stk-block-columns stk-block stk-3b3849f\" data-block-id=\"3b3849f\"><style>.stk-3b3849f {margin-bottom:40px !important;}.stk-3b3849f-column{--stk-column-gap:var(--stk--preset--spacing--40, 30px) !important;}<\/style><div class=\"stk-row stk-inner-blocks stk-block-content stk-content-align stk-3b3849f-column\">\n<div class=\"wp-block-stackable-column stk-block-column stk-column stk-block stk-a2a7449\" data-v=\"4\" data-block-id=\"a2a7449\"><style>.stk-a2a7449 {align-self:center !important;}<\/style><div class=\"stk-column-wrapper stk-block-column__content stk-container stk-a2a7449-container stk--no-background stk--no-padding\"><div class=\"stk-block-content stk-inner-blocks stk-a2a7449-inner-blocks\">\n<p class=\"is-style-text-subtitle is-style-text-subtitle--2\"><strong>Doporu\u010den\u00fd seznam v\u011bc\u00ed<\/strong><\/p>\n\n\n\n<div class=\"wp-block-stackable-text stk-block-text stk-block stk-0d4eb95\" data-block-id=\"0d4eb95\"><p class=\"stk-block-text__text\">Doporu\u010den\u00fd orienta\u010dn\u00ed seznam v\u011bc\u00ed, kter\u00e9 d\u011bti na p\u0159\u00edm\u011bstsk\u00fd t\u00e1bor pot\u0159ebuj\u00ed m\u00edt s sebou. <\/p><\/div>\n\n\n\n<div class=\"wp-block-stackable-button-group stk-block-button-group stk-block stk-3d4f400\" data-block-id=\"3d4f400\"><div class=\"stk-row stk-inner-blocks stk-block-content stk-button-group\">\n<div class=\"wp-block-stackable-button stk-block-button stk-block stk-98f38ab\" data-block-id=\"98f38ab\"><a class=\"stk-link stk-button stk--hover-effect-darken\" href=\"https:\/\/dobrodruzinapraha.cz\/wp-content\/uploads\/2026\/05\/Seznam-veci.pdf\" target=\"_blank\" rel=\"noreferrer noopener\"><span class=\"stk-button__inner-text\">St\u00e1hnout<\/span><\/a><\/div>\n<\/div><\/div>\n<\/div><\/div><\/div>\n\n\n\n<div class=\"wp-block-stackable-column stk-block-column stk-column stk-block stk-32bf1b7\" data-v=\"4\" data-block-id=\"32bf1b7\"><div class=\"stk-column-wrapper stk-block-column__content stk-container stk-32bf1b7-container stk--no-background stk--no-padding\"><div class=\"stk-block-content stk-inner-blocks stk-32bf1b7-inner-blocks\">\n<div class=\"wp-block-stackable-image stk-block-image stk-block stk-8430471\" data-block-id=\"8430471\"><style>.stk-8430471 .stk-img-wrapper{width:90% !important;height:300px !important;}<\/style><figure><span class=\"stk-img-wrapper stk-image--shape-stretch\"><img loading=\"lazy\" decoding=\"async\" class=\"stk-img wp-image-52\" src=\"https:\/\/vwh6289.133.vedos.website\/wp-content\/uploads\/2026\/05\/IMG_6337.png\" width=\"1600\" height=\"670\" srcset=\"https:\/\/dobrodruzinapraha.cz\/wp-content\/uploads\/2026\/05\/IMG_6337.png 1600w, https:\/\/dobrodruzinapraha.cz\/wp-content\/uploads\/2026\/05\/IMG_6337-300x126.png 300w, https:\/\/dobrodruzinapraha.cz\/wp-content\/uploads\/2026\/05\/IMG_6337-1024x429.png 1024w, https:\/\/dobrodruzinapraha.cz\/wp-content\/uploads\/2026\/05\/IMG_6337-768x322.png 768w, https:\/\/dobrodruzinapraha.cz\/wp-content\/uploads\/2026\/05\/IMG_6337-1536x643.png 1536w\" sizes=\"auto, (max-width: 1600px) 100vw, 1600px\" \/><\/span><\/figure><\/div>\n<\/div><\/div><\/div>\n<\/div><\/div>\n<\/div><\/div><\/div>\n<\/div><\/div>\n\n\n\n<div class=\"wp-block-stackable-columns alignfull stk-block-columns stk-block stk-5c42839\" data-block-id=\"5c42839\"><style>.stk-5c42839 {margin-top:var(--stk--preset--spacing--70, clamp(50px, 7vw, 90px)) !important;margin-bottom:var(--stk--preset--spacing--70, clamp(50px, 7vw, 90px)) !important;}.stk-5c42839-column{max-width:1500px !important;min-width:auto !important;}<\/style><div class=\"stk-row stk-inner-blocks stk-block-content stk-content-align stk-5c42839-column alignwide\">\n<div class=\"wp-block-stackable-column stk-block-column stk-column stk-block stk-4434bb0\" data-v=\"4\" data-block-id=\"4434bb0\"><div class=\"stk-column-wrapper stk-block-column__content stk-container stk-4434bb0-container stk--no-background stk--no-padding\"><div class=\"stk-block-content stk-inner-blocks stk-4434bb0-inner-blocks\">\n<div class=\"wp-block-stackable-columns stk-block-columns stk-block stk-bd6d293\" data-block-id=\"bd6d293\"><style>.stk-bd6d293 .stk--block-align-bd6d293{align-items:center !important;}.stk-bd6d293 {margin-bottom:40px !important;}.stk-bd6d293-column{--stk-column-gap:var(--stk--preset--spacing--40, 30px) !important;}<\/style><div class=\"stk-row stk-inner-blocks stk--block-align-bd6d293 stk-block-content stk-content-align stk-bd6d293-column\">\n<div class=\"wp-block-stackable-column stk-block-column stk-column stk-block stk-7cc4708\" data-v=\"4\" data-block-id=\"7cc4708\"><style>.stk-7cc4708 {align-self:center !important;}<\/style><div class=\"stk-column-wrapper stk-block-column__content stk-container stk-7cc4708-container stk--no-background stk--no-padding\"><div class=\"stk-block-content stk-inner-blocks stk-7cc4708-inner-blocks\">\n<div class=\"wp-block-stackable-image stk-block-image stk-block stk-6fece86\" data-block-id=\"6fece86\"><style>.stk-6fece86 .stk-img-wrapper{width:90% !important;height:300px !important;}<\/style><figure><span class=\"stk-img-wrapper stk-image--shape-stretch\"><img loading=\"lazy\" decoding=\"async\" class=\"stk-img wp-image-55\" src=\"https:\/\/vwh6289.133.vedos.website\/wp-content\/uploads\/2026\/05\/IMG_6339.png\" width=\"1600\" height=\"670\" srcset=\"https:\/\/dobrodruzinapraha.cz\/wp-content\/uploads\/2026\/05\/IMG_6339.png 1600w, https:\/\/dobrodruzinapraha.cz\/wp-content\/uploads\/2026\/05\/IMG_6339-300x126.png 300w, https:\/\/dobrodruzinapraha.cz\/wp-content\/uploads\/2026\/05\/IMG_6339-1024x429.png 1024w, https:\/\/dobrodruzinapraha.cz\/wp-content\/uploads\/2026\/05\/IMG_6339-768x322.png 768w, https:\/\/dobrodruzinapraha.cz\/wp-content\/uploads\/2026\/05\/IMG_6339-1536x643.png 1536w\" sizes=\"auto, (max-width: 1600px) 100vw, 1600px\" \/><\/span><\/figure><\/div>\n<\/div><\/div><\/div>\n\n\n\n<div class=\"wp-block-stackable-column stk-block-column stk-column stk-block stk-ca6fe1c\" data-v=\"4\" data-block-id=\"ca6fe1c\"><div class=\"stk-column-wrapper stk-block-column__content stk-container stk-ca6fe1c-container stk--no-background stk--no-padding\"><div class=\"stk-block-content stk-inner-blocks stk-ca6fe1c-inner-blocks\">\n<p class=\"is-style-text-subtitle is-style-text-subtitle--3\"><strong>Dokument pro samostatn\u00e9 p\u0159\u00edchody a odchody<\/strong><\/p>\n\n\n\n<div class=\"wp-block-stackable-text stk-block-text stk-block stk-7ce3012\" data-block-id=\"7ce3012\"><p class=\"stk-block-text__text\">Pokud bude va\u0161e d\u00edtko na p\u0159\u00edm\u011bstsk\u00fd t\u00e1bor doch\u00e1zet samo nebo z n\u011bj samo odch\u00e1zet, doneste n\u00e1m prvn\u00ed den vypln\u011bn\u00fd tento dokument.<\/p><\/div>\n\n\n\n<div class=\"wp-block-stackable-button-group stk-block-button-group stk-block stk-39e7653\" data-block-id=\"39e7653\"><div class=\"stk-row stk-inner-blocks stk-block-content stk-button-group\">\n<div class=\"wp-block-stackable-button stk-block-button stk-block stk-d542f47\" data-block-id=\"d542f47\"><a class=\"stk-link stk-button stk--hover-effect-darken\" href=\"https:\/\/dobrodruzinapraha.cz\/wp-content\/uploads\/2026\/05\/Samostatne-odchody.pdf\" target=\"_blank\" rel=\"noreferrer noopener\"><span class=\"stk-button__inner-text\">St\u00e1hnout<\/span><\/a><\/div>\n<\/div><\/div>\n<\/div><\/div><\/div>\n<\/div><\/div>\n<\/div><\/div><\/div>\n<\/div><\/div>\n\n\n\n<p><\/p>\n","protected":false},"excerpt":{"rendered":"<p>Pot\u0159ebn\u00e9 dokumenty Pro to, abychom mohli s va\u0161\u00edm d\u00edtkem po\u010d\u00edtat jako s \u00fa\u010dastn\u00edkem na\u0161eho p\u0159\u00edm\u011bstsk\u00e9ho t\u00e1bora, je pot\u0159eba vyplnit n\u00e1sleduj\u00edc\u00ed dokumenty. P\u0159ihl\u00e1\u0161ka P\u0159ihl\u00e1\u0161ku je pot\u0159eba vyplnit a odeslat na email dobrodruzinapraha@seznam.cz do 20.6.2026 St\u00e1hnout Bezinfek\u010dnost Vypln\u011bnou bezinfek\u010dnost s sebou doneste prvn\u00ed den t\u00e1bora. St\u00e1hnout Doporu\u010den\u00fd seznam v\u011bc\u00ed Doporu\u010den\u00fd orienta\u010dn\u00ed seznam v\u011bc\u00ed, kter\u00e9 d\u011bti na p\u0159\u00edm\u011bstsk\u00fd [&hellip;]<\/p>\n","protected":false},"author":1,"featured_media":0,"parent":0,"menu_order":0,"comment_status":"closed","ping_status":"closed","template":"","meta":{"_uag_custom_page_level_css":"","footnotes":""},"class_list":["post-20","page","type-page","status-publish","hentry"],"uagb_featured_image_src":{"full":false,"thumbnail":false,"medium":false,"medium_large":false,"large":false,"1536x1536":false,"2048x2048":false},"uagb_author_info":{"display_name":"klassigova","author_link":"https:\/\/dobrodruzinapraha.cz\/?author=1"},"uagb_comment_info":0,"uagb_excerpt":"Pot\u0159ebn\u00e9 dokumenty Pro to, abychom mohli s va\u0161\u00edm d\u00edtkem po\u010d\u00edtat jako s \u00fa\u010dastn\u00edkem na\u0161eho p\u0159\u00edm\u011bstsk\u00e9ho t\u00e1bora, je pot\u0159eba vyplnit n\u00e1sleduj\u00edc\u00ed dokumenty. P\u0159ihl\u00e1\u0161ka P\u0159ihl\u00e1\u0161ku je pot\u0159eba vyplnit a odeslat na email dobrodruzinapraha@seznam.cz do 20.6.2026 St\u00e1hnout Bezinfek\u010dnost Vypln\u011bnou bezinfek\u010dnost s sebou doneste prvn\u00ed den t\u00e1bora. St\u00e1hnout Doporu\u010den\u00fd seznam v\u011bc\u00ed Doporu\u010den\u00fd orienta\u010dn\u00ed seznam v\u011bc\u00ed, kter\u00e9 d\u011bti na p\u0159\u00edm\u011bstsk\u00fd&hellip;","_links":{"self":[{"href":"https:\/\/dobrodruzinapraha.cz\/index.php?rest_route=\/wp\/v2\/pages\/20","targetHints":{"allow":["GET"]}}],"collection":[{"href":"https:\/\/dobrodruzinapraha.cz\/index.php?rest_route=\/wp\/v2\/pages"}],"about":[{"href":"https:\/\/dobrodruzinapraha.cz\/index.php?rest_route=\/wp\/v2\/types\/page"}],"author":[{"embeddable":true,"href":"https:\/\/dobrodruzinapraha.cz\/index.php?rest_route=\/wp\/v2\/users\/1"}],"replies":[{"embeddable":true,"href":"https:\/\/dobrodruzinapraha.cz\/index.php?rest_route=%2Fwp%2Fv2%2Fcomments&post=20"}],"version-history":[{"count":20,"href":"https:\/\/dobrodruzinapraha.cz\/index.php?rest_route=\/wp\/v2\/pages\/20\/revisions"}],"predecessor-version":[{"id":127,"href":"https:\/\/dobrodruzinapraha.cz\/index.php?rest_route=\/wp\/v2\/pages\/20\/revisions\/127"}],"wp:attachment":[{"href":"https:\/\/dobrodruzinapraha.cz\/index.php?rest_route=%2Fwp%2Fv2%2Fmedia&parent=20"}],"curies":[{"name":"wp","href":"https:\/\/api.w.org\/{rel}","templated":true}]}}